{"id":24785,"date":"2025-05-22T17:44:11","date_gmt":"2025-05-22T16:44:11","guid":{"rendered":"https:\/\/albertayachts.com\/kolacici\/"},"modified":"2025-09-15T19:14:30","modified_gmt":"2025-09-15T18:14:30","slug":"kolacici","status":"publish","type":"page","link":"https:\/\/albertayachts.com\/hr\/kolacici\/","title":{"rendered":"Kola\u010di\u0107i"},"content":{"rendered":"\t\t<div data-elementor-type=\"wp-page\" data-elementor-id=\"24785\" class=\"elementor elementor-24785 elementor-21532\" data-elementor-post-type=\"page\">\n\t\t\t\t<div class=\"elementor-element elementor-element-41fddd9 e-flex e-con-boxed e-con e-parent\" data-id=\"41fddd9\" data-element_type=\"container\">\n\t\t\t\t\t<div class=\"e-con-inner\">\n\t\t\t\t<div class=\"elementor-element elementor-element-5468ceb elementor-widget elementor-widget-text-editor\" data-id=\"5468ceb\" data-element_type=\"widget\" data-widget_type=\"text-editor.default\">\n\t\t\t\t<div class=\"elementor-widget-container\">\n\t\t\t\t\t\t\t\t\t<h3 class=\"lead\">\u0160to su kola\u010di\u0107i?<\/h3><p>Kola\u010di\u0107 je informacija spremljena na Va\u0161e ra\u010dunalo od strane web stranice koju posjetite. Kola\u010di\u0107i obi\u010dno spremaju Va\u0161e postavke i postavke za web stranicu, kao \u0161to su preferirani jezik ili adresa. Nakon \u0161to ponovno posjetite istu web stranicu, Va\u0161 preglednik \u0161alje natrag kola\u010di\u0107e koji pripadaju toj stranici. To omogu\u0107ava stranici da prika\u017ee informacije prilago\u0111ene Va\u0161im potrebama.   <\/p><h3 class=\"lead\">Koja je svrha kola\u010di\u0107a?<\/h3><p>Kako bi se osiguralo ispravno funkcioniranje web stranice www.albertayachts.com te dodatno pobolj\u0161alo Va\u0161e iskustvo pregledavanja, stranica www.albertayachts.com na Va\u0161e ra\u010dunalo sprema malu koli\u010dinu informacija (kola\u010di\u0107e).<\/p><h3 class=\"lead\">Koje informacije kola\u010di\u0107i mogu spremati?<\/h3><p>Kola\u010di\u0107i mogu spremati \u0161irok raspon informacija, uklju\u010duju\u0107i osobne podatke (kao \u0161to su Va\u0161e ime ili e-mail adresa). Me\u0111utim, te informacije mogu biti spremljene jedino ako Vi to omogu\u0107ite. Konkretno, web stranica www.albertayachts.com ne mo\u017ee dobiti pristup informacijama koje joj niste dali i ne mo\u017ee pristupiti drugim datotekama na Va\u0161em ra\u010dunalu. Zadane aktivnosti spremanja i slanja kola\u010di\u0107a Vama nisu vidljive. Ipak, mo\u017eete promijeniti postavke svog internetskog preglednika tako da mo\u017eete sami birati ho\u0107ete li zahtjeve za spremanje kola\u010di\u0107a odobriti ili odbiti, automatski izbrisati spremljene kola\u010di\u0107e prilikom zatvaranja internetskog preglednika i sli\u010dno.    <\/p><h3 class=\"lead\">Pristanak na pohranu kola\u010di\u0107a<\/h3><p>Kori\u0161tenjem web stranice www.albertayachts.com bez promjene postavki kojima biste uskratili pristanak na pohranu kola\u010di\u0107a na Va\u0161e ra\u010dunalo, pristajete na kori\u0161tenje i pohranu kola\u010di\u0107a na Va\u0161e ra\u010dunalo. Ako ne pristanete na pohranu kola\u010di\u0107a, ista \u0107e biti onemogu\u0107ena, a Vi \u0107ete i dalje mo\u0107i pregledavati web stranicu www.albertayachts.com, no odre\u0111ene zna\u010dajke stranice ne\u0107e biti dostupne. <\/p><h3 class=\"lead\">Kako onemogu\u0107iti kola\u010di\u0107e?<\/h3><p>Isklju\u010divanjem kola\u010di\u0107a odlu\u010dujete ho\u0107ete li dopustiti njihovu pohranu na Va\u0161em ra\u010dunalu. Postavke kola\u010di\u0107a mogu se kontrolirati i konfigurirati u Va\u0161em internetskom pregledniku. Za informacije o postavkama kola\u010di\u0107a, odaberite preglednik koji koristite:<br>\u2022 Chrome<br>\u2022 Firefox<br>\u2022 Internet Explorer 9<br>\u2022 Internet Explorer 7 i 8<br>\u2022 Opera<br>\u2022 Safari<br>Ako onemogu\u0107ite kola\u010di\u0107e, ne\u0107ete mo\u0107i koristiti neke od funkcionalnosti na web stranici www.albertayachts.com.  <\/p><h3 class=\"lead\">\u0160to su privremeni kola\u010di\u0107i?<\/h3><p>Privremeni kola\u010di\u0107i ili kola\u010di\u0107i sesije uklanjaju se s Va\u0161eg ra\u010dunala nakon zatvaranja internetskog preglednika. Pomo\u0107u njih web stranice pohranjuju privremene podatke, poput stavki u ko\u0161arici za kupnju. <\/p><h3 class=\"lead\">\u0160to su trajni kola\u010di\u0107i?<\/h3><p>Trajni ili spremljeni kola\u010di\u0107i ostaju pohranjeni na Va\u0161em ra\u010dunalu nakon zatvaranja internetskog preglednika. Pomo\u0107u njih web stranice pohranjuju podatke, kao \u0161to su ime za prijavu i lozinka, tako da se ne morate prijavljivati prilikom svakog posjeta odre\u0111enom mjestu. Trajni kola\u010di\u0107i ostat \u0107e na Va\u0161em ra\u010dunalu danima, mjesecima, \u010dak i godinama.  <\/p><h3 class=\"lead\">\u0160to su kola\u010di\u0107i prve strane?<\/h3><p>Kola\u010di\u0107i prve strane dolaze s web stranica koje posje\u0107ujete, a mogu biti trajni ili privremeni. Pomo\u0107u tih kola\u010di\u0107a web stranice mogu pohraniti podatke koje \u0107e ponovno koristiti prilikom sljede\u0107eg posjeta toj stranici. <\/p><h3 class=\"lead\">\u0160to su kola\u010di\u0107i tre\u0107e strane?<\/h3><p>Kola\u010di\u0107i tre\u0107e strane dolaze s oglasa drugih web stranica (kao \u0161to su sko\u010dni prozori ili drugi oglasi) koji se nalaze na web stranici koju posje\u0107ujete. Pomo\u0107u tih kola\u010di\u0107a web stranice mogu pratiti kori\u0161tenje interneta u marketin\u0161ke svrhe. <\/p><h3 class=\"lead\">Koristi li web stranica www.albertayachts.com kola\u010di\u0107e?<\/h3><p>Web stranica www.princessadriatic.com koristi kola\u010di\u0107e kako bi vam pru\u017eila najbolje mogu\u0107e korisni\u010dko iskustvo.<\/p><h3 class=\"lead\">Koje kola\u010di\u0107e koristi www.albertayachts.com i za\u0161to?<\/h3><p>\u2022 Privremeni kola\u010di\u0107i (Session cookies) \u2013 ovo su privremeni kola\u010di\u0107i koji istje\u010du (i automatski se bri\u0161u) kada zatvorite preglednik. Web stranica www.albertayachts.com koristi kola\u010di\u0107e sesije kako bi Vam omogu\u0107ila pristup sadr\u017eaju i komentiranje (\u0161to morate u\u010diniti kada se prijavite sa svojim podacima na web stranicu); <\/p><p>\u2022 Trajni kola\u010di\u0107i (Persistent cookies) \u2013 oni obi\u010dno imaju datum isteka u budu\u0107nosti i ostat \u0107e u Va\u0161em pregledniku dok ne isteknu ili dok ih ru\u010dno ne izbri\u0161ete. Web stranica www.albertayachts.com koristi trajne kola\u010di\u0107e za funkcionalnosti kao \u0161to je &#8220;Ostanite prijavljeni&#8221;, \u0161to korisnicima olak\u0161ava pristup portalu kao registriranom korisniku. Tako\u0111er koristimo trajne kola\u010di\u0107e kako bismo bolje razumjeli navike korisnika i pobolj\u0161ali stranicu prema Va\u0161im navikama. Ove su informacije anonimne \u2013 ne vidimo pojedina\u010dne podatke korisnika.   <\/p><h3 class=\"lead\">Ima li na web stranici www.albertayachts.com kola\u010di\u0107a tre\u0107e strane?<\/h3><p>Postoji nekoliko vanjskih servisa koji na Va\u0161e ra\u010dunalo spremaju ograni\u010dene kola\u010di\u0107e. Ove kola\u010di\u0107e ne postavlja web stranica www.albertayachts.com, ali neki slu\u017ee za normalno funkcioniranje odre\u0111enih zna\u010dajki koje korisnicima olak\u0161avaju pristup sadr\u017eaju. Trenutno omogu\u0107avamo:<br>\u2022 Dru\u0161tvene mre\u017ee \u2013 korisnici mogu dijeliti objave na dru\u0161tvenim mre\u017eama Facebook i Google+ koje \u0107e pohraniti kola\u010di\u0107e na Va\u0161e ra\u010dunalo;<br>\u2022 Mjerenje posje\u0107enosti \u2013 web stranica www.albertayachts.com koristi servis za mjerenje posje\u0107enosti, a to je Google Analytics.<br>Ako \u017eelite sprije\u010diti da ovi servisi pohranjuju kola\u010di\u0107e na Va\u0161e ra\u010dunalo, mo\u017eete ih blokirati.<br>Vi\u0161e informacija o isklju\u010divanju kola\u010di\u0107a<br>Trenutno postoji nekoliko web stranica za isklju\u010divanje pohrane kola\u010di\u0107a za razli\u010dite servise. Vi\u0161e o temi mo\u017eete saznati na sljede\u0107im poveznicama:<br>\u2022 http:\/\/www.allaboutcookies.org\/<br>\u2022 http:\/\/www.youronlinechoices.eu\/<br>\u2022 http:\/\/www.aboutads.info\/choices\/   <\/p>\t\t\t\t\t\t\t\t<\/div>\n\t\t\t\t<\/div>\n\t\t\t\t\t<\/div>\n\t\t\t\t<\/div>\n\t\t\t\t<\/div>\n\t\t","protected":false},"excerpt":{"rendered":"<p>\u0160to su kola\u010di\u0107i? Kola\u010di\u0107 je informacija spremljena na Va\u0161e ra\u010dunalo od strane web stranice koju posjetite. Kola\u010di\u0107i obi\u010dno spremaju Va\u0161e postavke i postavke za web stranicu, kao \u0161to su preferirani jezik ili adresa. Nakon \u0161to ponovno posjetite istu web stranicu, Va\u0161 preglednik \u0161alje natrag kola\u010di\u0107e koji pripadaju toj stranici. To omogu\u0107ava stranici da prika\u017ee informacije&hellip; <a class=\"more-link\" href=\"https:\/\/albertayachts.com\/hr\/kolacici\/\">Continue reading <span class=\"screen-reader-text\">Kola\u010di\u0107i<\/span><\/a><\/p>\n","protected":false},"author":1,"featured_media":0,"parent":0,"menu_order":0,"comment_status":"closed","ping_status":"closed","template":"","meta":{"footnotes":""},"class_list":["post-24785","page","type-page","status-publish","hentry"],"_links":{"self":[{"href":"https:\/\/albertayachts.com\/hr\/wp-json\/wp\/v2\/pages\/24785","targetHints":{"allow":["GET"]}}],"collection":[{"href":"https:\/\/albertayachts.com\/hr\/wp-json\/wp\/v2\/pages"}],"about":[{"href":"https:\/\/albertayachts.com\/hr\/wp-json\/wp\/v2\/types\/page"}],"author":[{"embeddable":true,"href":"https:\/\/albertayachts.com\/hr\/wp-json\/wp\/v2\/users\/1"}],"replies":[{"embeddable":true,"href":"https:\/\/albertayachts.com\/hr\/wp-json\/wp\/v2\/comments?post=24785"}],"version-history":[{"count":3,"href":"https:\/\/albertayachts.com\/hr\/wp-json\/wp\/v2\/pages\/24785\/revisions"}],"predecessor-version":[{"id":24788,"href":"https:\/\/albertayachts.com\/hr\/wp-json\/wp\/v2\/pages\/24785\/revisions\/24788"}],"wp:attachment":[{"href":"https:\/\/albertayachts.com\/hr\/wp-json\/wp\/v2\/media?parent=24785"}],"curies":[{"name":"wp","href":"https:\/\/api.w.org\/{rel}","templated":true}]}}